{"id":1869,"date":"2023-11-08T20:13:43","date_gmt":"2023-11-08T20:13:43","guid":{"rendered":"https:\/\/www.onubayas.com\/register\/"},"modified":"2023-11-09T20:24:51","modified_gmt":"2023-11-09T20:24:51","slug":"register","status":"publish","type":"page","link":"https:\/\/www.onubayas.com\/en\/register\/","title":{"rendered":"Register"},"content":{"rendered":"<div class=\"wpb-content-wrapper\"><p>[vc_row dfd_bg_style=&#8221;image&#8221; dfd_bg_image_new=&#8221;1223&#8243; dfd_bg_image_repeat=&#8221;no-repeat&#8221; dfd_image_bg_color=&#8221;#c8e1c0&#8243; dfd_bg_image_position=&#8221;50% 50%&#8221; dfd_enable_overlay=&#8221;&#8221; dfd_row_config=&#8221;full_width_content&#8221; el_class=&#8221;custom-class-multilayer-interiors&#8221;][vc_column]<div class=\"dfd-spacer-module\"  data-units=\"px\" data-wide_resolution=\"1280\" data-wide_size=\"190\" data-normal_resolution=\"1024\" data-normal_size=\"190\" data-tablet_resolution=\"800\" data-tablet_size=\"190\" data-mobile_resolution=\"480\" data-mobile_size=\"150\" style=\"height: 190px;\"><\/div><div class=\"dfd-heading-shortcode\"><div class=\"dfd-heading-module-wrap  text-center style_01 cr-animate-gen dfd-heading-69e7397cbc5f1 dfd-disable-resposive-headings\" id=\"dfd-heading-69e7397cbc5f1\" data-animate-type = \"transition.slideUpBigIn\" ><div class=\"inline-block\"><div class=\"dfd-heading-module\"><h1 class=\"widget-title dfd-title \" style=\"font-size: 53px; \">Private Area<\/h1><\/div><\/div><\/div><script type=\"text\/javascript\">\r\n\t\t\t\t\t\t\t\t\t(function($) {\r\n\t\t\t\t\t\t\t\t\t\t$(\"head\").append(\"<style>.dfd-heading-69e7397cbc5f1.dfd-heading-module-wrap .dfd-heading-module .dfd-heading-delimiter {margin-top:10px;margin-bottom:10px;}@media (max-width: 799px){.dfd-heading-69e7397cbc5f1 .dfd-title{font-size: 40px !important;line-height: 50px !important;}}<\/style>\");\r\n\t\t\t\t\t\t\t\t\t})(jQuery);\r\n\t\t\t\t\t\t\t\t<\/script><\/div><div class=\"dfd-spacer-module\"  data-units=\"px\" data-wide_resolution=\"1280\" data-wide_size=\"10\" data-normal_resolution=\"1024\" data-normal_size=\"10\" data-tablet_resolution=\"800\" data-tablet_size=\"10\" data-mobile_resolution=\"480\" data-mobile_size=\"10\" style=\"height: 10px;\"><\/div>[vc_column_text item_animation=&#8221;transition.slideUpBigIn&#8221;]<\/p>\n<p style=\"text-align: center; color: #1a4b27;\"><a href=\"http:\/\/www.onubayas.com\/en\">Home<\/a> \u2014 <span style=\"color: #fff;\"> Private Area<\/span><\/p>\n<p>[\/vc_column_text]<div class=\"dfd-spacer-module\"  data-units=\"px\" data-wide_resolution=\"1280\" data-wide_size=\"120\" data-normal_resolution=\"1024\" data-normal_size=\"120\" data-tablet_resolution=\"800\" data-tablet_size=\"120\" data-mobile_resolution=\"480\" data-mobile_size=\"150\" style=\"height: 120px;\"><\/div>[\/vc_column][\/vc_row][vc_row dfd_bg_style=&#8221;image&#8221; dfd_parallax_style=&#8221;dfd_multi_parallax&#8221; dfd_layer_image=&#8221;1169&#8243; dfd_enable_overlay=&#8221;&#8221; dfd_row_responsive_enable=&#8221;dfd-row-responsive-enable&#8221; responsive_styles=&#8221;padding_left_desktop:10|padding_right_desktop:10|padding_left_tablet:10|padding_right_tablet:10&#8243;][vc_column]<div class=\"dfd-spacer-module\"  data-units=\"px\" data-wide_resolution=\"1280\" data-wide_size=\"100\" data-normal_resolution=\"1024\" data-normal_size=\"100\" data-tablet_resolution=\"800\" data-tablet_size=\"90\" data-mobile_resolution=\"480\" data-mobile_size=\"100\" style=\"height: 100px;\"><\/div><div class=\"dfd-heading-shortcode\"><div class=\"dfd-heading-module-wrap  text-center style_01 cr-animate-gen dfd-heading-69e7397cbc7ba dfd-disable-resposive-headings\" id=\"dfd-heading-69e7397cbc7ba\" data-animate-type = \"transition.slideUpBigIn\" ><div class=\"inline-block\"><div class=\"dfd-heading-module\"><h3 class=\"widget-title dfd-title \" style=\"font-size: 37px; color: #1a4b27 !important; line-height: 50px; \">Register<\/h3><\/div><\/div><\/div><script type=\"text\/javascript\">\r\n\t\t\t\t\t\t\t\t\t(function($) {\r\n\t\t\t\t\t\t\t\t\t\t$(\"head\").append(\"<style>.dfd-heading-69e7397cbc7ba.dfd-heading-module-wrap .dfd-heading-module .dfd-heading-delimiter {margin-top:10px;margin-bottom:10px;}@media (max-width: 1279px) and (min-width: 1024px){.dfd-heading-69e7397cbc7ba .dfd-title{font-size: 42px !important;line-height: 52px !important;}}@media (max-width: 1023px) and (min-width: 800px){.dfd-heading-69e7397cbc7ba .dfd-title{font-size: 34px !important;line-height: 44px !important;}}@media (max-width: 799px){.dfd-heading-69e7397cbc7ba .dfd-title{font-size: 32px !important;line-height: 42px !important;}}<\/style>\");\r\n\t\t\t\t\t\t\t\t\t})(jQuery);\r\n\t\t\t\t\t\t\t\t<\/script><\/div><div class=\"dfd-spacer-module\"  data-units=\"px\" data-wide_resolution=\"1280\" data-wide_size=\"10\" data-normal_resolution=\"1024\" data-normal_size=\"10\" data-tablet_resolution=\"800\" data-tablet_size=\"10\" data-mobile_resolution=\"480\" data-mobile_size=\"10\" style=\"height: 10px;\"><\/div>[vc_column_text]\n<div class=\"um um-register um-1866\">\n\t<div class=\"um-form\" data-mode=\"register\">\n\t\t<form method=\"post\" action=\"\">\n\t\t\t<div class=\"um-row _um_row_1 \" style=\"margin: 0 0 30px 0;\"><div class=\"um-col-1\"><div  id=\"um_field_1866_user_login\" class=\"um-field um-field-text  um-field-user_login um-field-text um-field-type_text\" data-key=\"user_login\"><div class=\"um-field-label\"><label for=\"user_login-1866\">User<span class=\"um-req\" title=\"Required\">*<\/span><\/label><div class=\"um-clear\"><\/div><\/div><div class=\"um-field-area\"><input  autocomplete=\"off\" class=\"um-form-field valid \" type=\"text\" name=\"user_login-1866\" id=\"user_login-1866\" value=\"\" placeholder=\"\" data-validate=\"unique_username\" data-key=\"user_login\"  aria-invalid=\"false\" \/>\n\n\t\t\t\t\t\t<\/div><\/div><div  id=\"um_field_1866_first_name\" class=\"um-field um-field-text  um-field-first_name um-field-text um-field-type_text\" data-key=\"first_name\"><div class=\"um-field-label\"><label for=\"first_name-1866\">First Name<span class=\"um-req\" title=\"Required\">*<\/span><\/label><div class=\"um-clear\"><\/div><\/div><div class=\"um-field-area\"><input  autocomplete=\"off\" class=\"um-form-field valid \" type=\"text\" name=\"first_name-1866\" id=\"first_name-1866\" value=\"\" placeholder=\"\" data-validate=\"\" data-key=\"first_name\"  aria-invalid=\"false\" \/>\n\n\t\t\t\t\t\t<\/div><\/div><div  id=\"um_field_1866_last_name\" class=\"um-field um-field-text  um-field-last_name um-field-text um-field-type_text\" data-key=\"last_name\"><div class=\"um-field-label\"><label for=\"last_name-1866\">Last Name<span class=\"um-req\" title=\"Required\">*<\/span><\/label><div class=\"um-clear\"><\/div><\/div><div class=\"um-field-area\"><input  autocomplete=\"off\" class=\"um-form-field valid \" type=\"text\" name=\"last_name-1866\" id=\"last_name-1866\" value=\"\" placeholder=\"\" data-validate=\"\" data-key=\"last_name\"  aria-invalid=\"false\" \/>\n\n\t\t\t\t\t\t<\/div><\/div><div  id=\"um_field_1866_user_email\" class=\"um-field um-field-text  um-field-user_email um-field-text um-field-type_text\" data-key=\"user_email\"><div class=\"um-field-label\"><label for=\"user_email-1866\">E-mail<span class=\"um-req\" title=\"Required\">*<\/span><\/label><div class=\"um-clear\"><\/div><\/div><div class=\"um-field-area\"><input  autocomplete=\"off\" class=\"um-form-field valid \" type=\"text\" name=\"user_email-1866\" id=\"user_email-1866\" value=\"\" placeholder=\"\" data-validate=\"unique_email\" data-key=\"user_email\"  aria-invalid=\"false\" \/>\n\n\t\t\t\t\t\t<\/div><\/div><div  id=\"um_field_1866_telefono\" class=\"um-field um-field-tel  um-field-telefono um-field-tel um-field-type_tel\" data-key=\"telefono\"><div class=\"um-field-label\"><label for=\"telefono-1866\">Phone<span class=\"um-req\" title=\"Required\">*<\/span><\/label><div class=\"um-clear\"><\/div><\/div><div class=\"um-field-area\"><input  autocomplete=\"off\" class=\"um-form-field valid \" type=\"tel\" name=\"telefono-1866\" id=\"telefono-1866\" value=\"\" placeholder=\"\" data-validate=\"phone_number\" data-key=\"telefono\"  aria-invalid=\"false\" \/>\n\n\t\t\t\t\t\t<\/div><\/div><div  id=\"um_field_1866_user_password\" class=\"um-field um-field-password  um-field-user_password um-field-password um-field-type_password\" data-key=\"user_password\"><div class=\"um-field-label\"><label for=\"user_password-1866\">Password<span class=\"um-req\" title=\"Required\">*<\/span><\/label><div class=\"um-clear\"><\/div><\/div><div class=\"um-field-area\"><input class=\"um-form-field valid \" type=\"password\" name=\"user_password-1866\" id=\"user_password-1866\" value=\"\" placeholder=\"\" data-validate=\"\" data-key=\"user_password\"  aria-invalid=\"false\" \/>\n\n\t\t\t\t\t\t\t<\/div><\/div><div  id=\"um_field_1866_confirm_user_password\" class=\"um-field um-field-password  um-field-user_password um-field-password um-field-type_password\" data-key=\"confirm_user_password\"><div class=\"um-field-label\"><label for=\"confirm_user_password-1866\">Confirm Password<span class=\"um-req\" title=\"Required\">*<\/span><\/label><div class=\"um-clear\"><\/div><\/div><div class=\"um-field-area\"><input class=\"um-form-field valid \" type=\"password\" name=\"confirm_user_password-1866\" id=\"confirm_user_password-1866\" value=\"\" placeholder=\"Confirm Password\" data-validate=\"\" data-key=\"confirm_user_password\"  aria-invalid=\"false\" \/><\/div><\/div><\/div><\/div>\n<!-- This file should primarily consist of HTML with a little bit of PHP. -->\n<div class=\"um-field um-field-type_terms_conditions\" data-key=\"use_terms_conditions_agreement\" style=\"display:block;padding:0;\">\n\t<div class=\"um-field-area\">\n\t\t<div class=\"um-gdpr-content\" style=\"display:none;\">\n\t\t\t<div class=\"wpb-content-wrapper\"><p>[vc_row dfd_bg_style=&#8221;image&#8221; dfd_bg_image_new=&#8221;1223&#8243; dfd_bg_image_repeat=&#8221;no-repeat&#8221; dfd_image_bg_color=&#8221;#c8e1c0&#8243; dfd_bg_image_position=&#8221;50% 50%&#8221; dfd_enable_overlay=&#8221;&#8221; dfd_row_config=&#8221;full_width_content&#8221; el_class=&#8221;custom-class-multilayer-interiors&#8221;][vc_column]<div class=\"dfd-spacer-module\"  data-units=\"px\" data-wide_resolution=\"1280\" data-wide_size=\"280\" data-normal_resolution=\"1024\" data-normal_size=\"280\" data-tablet_resolution=\"800\" data-tablet_size=\"280\" data-mobile_resolution=\"480\" data-mobile_size=\"150\" style=\"height: 280px;\"><\/div><div class=\"dfd-heading-shortcode\"><div class=\"dfd-heading-module-wrap  text-center style_01 cr-animate-gen dfd-heading-69e7397cbf1de dfd-disable-resposive-headings\" id=\"dfd-heading-69e7397cbf1de\" data-animate-type = \"transition.slideUpBigIn\" ><div class=\"inline-block\"><div class=\"dfd-heading-module\"><h1 class=\"widget-title dfd-title \" style=\"\">Pol\u00edtica de Privacidad<\/h1><\/div><\/div><\/div><script type=\"text\/javascript\">\r\n\t\t\t\t\t\t\t\t\t(function($) {\r\n\t\t\t\t\t\t\t\t\t\t$(\"head\").append(\"<style>.dfd-heading-69e7397cbf1de.dfd-heading-module-wrap .dfd-heading-module .dfd-heading-delimiter {margin-top:10px;margin-bottom:10px;}@media (max-width: 799px){.dfd-heading-69e7397cbf1de .dfd-title{font-size: 40px !important;line-height: 50px !important;}}<\/style>\");\r\n\t\t\t\t\t\t\t\t\t})(jQuery);\r\n\t\t\t\t\t\t\t\t<\/script><\/div><div class=\"dfd-spacer-module\"  data-units=\"px\" data-wide_resolution=\"1280\" data-wide_size=\"10\" data-normal_resolution=\"1024\" data-normal_size=\"10\" data-tablet_resolution=\"800\" data-tablet_size=\"10\" data-mobile_resolution=\"480\" data-mobile_size=\"10\" style=\"height: 10px;\"><\/div>[vc_column_text item_animation=&#8221;transition.slideUpBigIn&#8221;]<\/p>\n<p style=\"text-align: center; color: #1a4b27;\"><a href=\"http:\/\/www.onubayas.com\">Inicio<\/a> \u2014 <span style=\"color: #fff;\"> Pol\u00edtica de Privacidad<\/span><\/p>\n<p>[\/vc_column_text]<div class=\"dfd-spacer-module\"  data-units=\"px\" data-wide_resolution=\"1280\" data-wide_size=\"120\" data-normal_resolution=\"1024\" data-normal_size=\"120\" data-tablet_resolution=\"800\" data-tablet_size=\"120\" data-mobile_resolution=\"480\" data-mobile_size=\"150\" style=\"height: 120px;\"><\/div>[\/vc_column][\/vc_row][vc_row dfd_bg_style=&#8221;image&#8221; dfd_parallax_style=&#8221;dfd_multi_parallax&#8221; dfd_layer_image=&#8221;1169&#8243; dfd_enable_overlay=&#8221;&#8221; dfd_row_responsive_enable=&#8221;dfd-row-responsive-enable&#8221; responsive_styles=&#8221;padding_left_desktop:10|padding_right_desktop:10|padding_left_tablet:10|padding_right_tablet:10&#8243;][vc_column]<div class=\"dfd-spacer-module\"  data-units=\"px\" data-wide_resolution=\"1280\" data-wide_size=\"100\" data-normal_resolution=\"1024\" data-normal_size=\"100\" data-tablet_resolution=\"800\" data-tablet_size=\"90\" data-mobile_resolution=\"480\" data-mobile_size=\"100\" style=\"height: 100px;\"><\/div>[vc_column_text item_animation=&#8221;transition.slideUpBigIn&#8221;]A Onubayas, S.L.U. le preocupa su privacidad. Por ello, hemos tomado medidas t\u00e9cnicas y organizativas adecuadas para evitar la alteraci\u00f3n, p\u00e9rdida, tratamiento o acceso no autorizado a los datos personales que Vd. nos ha facilitado.<\/p>\n<p>En cumplimiento del deber de transparencia e informaci\u00f3n recogido en la normativa en materia de protecci\u00f3n de datos de car\u00e1cter personal, le informamos de aspectos relevantes sobre los tratamientos de datos que hacemos con los datos de car\u00e1cter personal que Vd. nos ha facilitado:<\/p>\n<p>&nbsp;<\/p>\n<h4>\u00bfQui\u00e9n es el responsable del tratamiento de sus datos?<\/h4>\n<p><strong>Identidad:<\/strong> Onubayas, S.L.U.<\/p>\n<p><strong>CIF:<\/strong> B-21.544.259<\/p>\n<p><strong>Dir. Postal:<\/strong> C\/ Rub\u00e9n Dar\u00edo, 1 &#8211; 21800 Moguer (Huelva)<\/p>\n<p><strong>Tel\u00e9fono:<\/strong> 959372603<\/p>\n<p><strong>Email:<\/strong> administracion@onubayas.es<\/p>\n<p>&nbsp;<\/p>\n<h4>\u00bfPara qu\u00e9 usamos sus datos?<\/h4>\n<p>Gesti\u00f3n de las comunicaciones electr\u00f3nicas de Onubayas, S.L.U. \u2013 Dar respuesta a su solicitud de informaci\u00f3n.<\/p>\n<p>&nbsp;<\/p>\n<h4>\u00bfDurante cu\u00e1nto tiempo conservamos sus datos?<\/h4>\n<p>Le informamos que sus datos ser\u00e1n conservados hasta dos a\u00f1os despu\u00e9s de finalizada nuestra \u00faltima comunicaci\u00f3n, o bien, durante el plazo legal necesario derivado de nuestra posible relaci\u00f3n comercial.<\/p>\n<p>&nbsp;<\/p>\n<h4>\u00bfEn qu\u00e9 basamos la legitimidad para tratar sus datos?<\/h4>\n<p>Inter\u00e9s leg\u00edtimo de nuestra empresa basado en la relaci\u00f3n comercial que nos une o en su solicitud de informaci\u00f3n.<\/p>\n<p>&nbsp;<\/p>\n<h4>\u00bfQui\u00e9n podr\u00e1 acceder a sus datos?<\/h4>\n<p>La informaci\u00f3n facilitada y\/o el resultado de su tratamiento tiene como destinatarios<\/p>\n<ul>\n<li>Los profesionales de Onubayas, S.L.U. encargados de llevar a cabo las funciones para las cuales fueron recabados los datos.<\/li>\n<li>Entidades directamente relacionadas con Onubayas, S.L.U. con el \u00fanico objetivo de poder hacer efectiva la prestaci\u00f3n del servicio:\n<ul>\n<li>Proveedores de correo electr\u00f3nico<\/li>\n<\/ul>\n<\/li>\n<li>En caso de realizar transferencias internacionales de datos, \u00e9stas se realizar\u00e1n en el marco de la Uni\u00f3n Europea o al amparo del acuerdo EU-US Privacy Shield.<\/li>\n<\/ul>\n<p>&nbsp;<\/p>\n<p><strong>\u00bfQu\u00e9 derechos tiene respecto a sus datos?<\/strong><\/p>\n<ul>\n<li>Le informamos que, de acuerdo con la normativa en materia de protecci\u00f3n de datos, puede Vd. solicitar ante Onubayas, S.L.U. sus derechos respecto de sus datos personales de:\n<ul>\n<li>Acceso.<\/li>\n<li>Rectificaci\u00f3n o supresi\u00f3n.<\/li>\n<li>Limitaci\u00f3n de su tratamiento.<\/li>\n<li>Oposici\u00f3n.<\/li>\n<li>Portabilidad.<\/li>\n<li>Retirar el consentimiento prestado para el tratamiento de sus datos.<\/li>\n<\/ul>\n<\/li>\n<\/ul>\n<ul>\n<li>Para ejercer los derechos mencionados, puede dirigir una solicitud por escrito, adjuntando copia de su DNI, a la direcci\u00f3n postal indicada m\u00e1s arriba.<\/li>\n<li>Asimismo, si considera que sus datos han sido tratados de forma inadecuada, podr\u00e1 dirigirse a la Autoridad de Control competente para presentar la reclamaci\u00f3n que considere oportuna: Agencia Espa\u00f1ola de Protecci\u00f3n de Datos (C\/ Jorge Juan, 6. 28001 Madrid www.agpd.es).<\/li>\n<\/ul>\n<p>[\/vc_column_text]<div class=\"dfd-spacer-module\"  data-units=\"px\" data-wide_resolution=\"1280\" data-wide_size=\"200\" data-normal_resolution=\"1024\" data-normal_size=\"200\" data-tablet_resolution=\"800\" data-tablet_size=\"100\" data-mobile_resolution=\"480\" data-mobile_size=\"100\" style=\"height: 200px;\"><\/div>[\/vc_column][\/vc_row][vc_row css=&#8221;.vc_custom_1686601345026{background-color: #e3eae2 !important;}&#8221;][vc_column css=&#8221;.vc_custom_1686601616885{background-color: #e3eae2 !important;}&#8221; col_shadow=&#8221;box_shadow_enable:disable|shadow_horizontal:0|shadow_vertical:15|shadow_blur:50|shadow_spread:0|box_shadow_color:rgba(0%2C0%2C0%2C.35)&#8221; col_shadow_hover=&#8221;box_shadow_enable:disable|shadow_horizontal:0|shadow_vertical:15|shadow_blur:50|shadow_spread:0|box_shadow_color:rgba(0%2C0%2C0%2C.35)&#8221;]<div class=\"dfd-spacer-module\"  data-units=\"px\" data-wide_resolution=\"1280\" data-wide_size=\"90\" data-normal_resolution=\"1024\" data-normal_size=\"90\" data-tablet_resolution=\"800\" data-tablet_size=\"90\" data-mobile_resolution=\"480\" data-mobile_size=\"80\" style=\"height: 90px;\"><\/div>[vc_single_image image=&#8221;1195&#8243; img_size=&#8221;full&#8221; alignment=&#8221;center&#8221;]<div class=\"dfd-spacer-module\"  data-units=\"px\" data-wide_resolution=\"1280\" data-wide_size=\"90\" data-normal_resolution=\"1024\" data-normal_size=\"90\" data-tablet_resolution=\"800\" data-tablet_size=\"90\" data-mobile_resolution=\"480\" data-mobile_size=\"80\" style=\"height: 90px;\"><\/div>[\/vc_column][\/vc_row]<\/p>\n<\/div>\t\t<\/div>\n\n\t\t\n\t\t<a href=\"javascript:void(0);\" class=\"um-toggle-gdpr\" data-toggle-state=\"hidden\"\n\t\t   data-toggle-show=\"Show privacy policy\"\n\t\t   data-toggle-hide=\"Hide privacy policy\">\n\t\t\tShow privacy policy\t\t<\/a>\n\t<\/div>\n\t<div class=\"um-field-area\">\n\n\t\t\n\t\t<label class=\"um-field-checkbox\">\n\t\t\t<input type=\"checkbox\" name=\"use_gdpr_agreement\" value=\"1\">\n\t\t\t<span class=\"um-field-checkbox-state\"><i class=\"um-icon-android-checkbox-outline-blank\"><\/i><\/span>\n\t\t\t<span class=\"um-field-checkbox-option\">Please confirm that you agree with our privacy policy<\/span>\n\t\t<\/label>\n\t\t<div class=\"um-clear\"><\/div>\n\n\t\t\n\t\t<div class=\"um-clear\"><\/div>\n\t<\/div>\n<\/div>\n\t\t<input type=\"hidden\" name=\"form_id\" id=\"form_id_1866\" value=\"1866\" \/>\n\t\n\t<p class=\"um_request_name\">\n\t\t<label for=\"um_request_1866\">Only fill in if you are not human<\/label>\n\t\t<input type=\"hidden\" name=\"um_request\" id=\"um_request_1866\" class=\"input\" value=\"\" size=\"25\" autocomplete=\"off\" \/>\n\t<\/p>\n\n\t<input type=\"hidden\" id=\"_wpnonce\" name=\"_wpnonce\" value=\"d978b91c63\" \/><input type=\"hidden\" name=\"_wp_http_referer\" value=\"\/en\/wp-json\/wp\/v2\/pages\/1869\" \/>\n\t<div class=\"um-col-alt\">\n\n\t\t\n\t\t\t<div class=\"um-center\">\n\t\t\t\t<input type=\"submit\" value=\"Registro\" class=\"um-button\" id=\"um-submit-btn\" \/>\n\t\t\t<\/div>\n\n\t\t\n\t\t<div class=\"um-clear\"><\/div>\n\n\t<\/div>\n\n\t\t\t<\/form>\n\t<\/div>\n<\/div>\n<style>\n\t\t\t.um-1866.um {\n\t\t\tmax-width: 450px;\n\t\t}\n\t\t<\/style>\n[\/vc_column_text]<div class=\"dfd-spacer-module\"  data-units=\"px\" data-wide_resolution=\"1280\" data-wide_size=\"200\" data-normal_resolution=\"1024\" data-normal_size=\"200\" data-tablet_resolution=\"800\" data-tablet_size=\"100\" data-mobile_resolution=\"480\" data-mobile_size=\"100\" style=\"height: 200px;\"><\/div>[\/vc_column][\/vc_row][vc_row css=&#8221;.vc_custom_1686601345026{background-color: #e3eae2 !important;}&#8221;][vc_column css=&#8221;.vc_custom_1686601616885{background-color: #e3eae2 !important;}&#8221; col_shadow=&#8221;box_shadow_enable:disable|shadow_horizontal:0|shadow_vertical:15|shadow_blur:50|shadow_spread:0|box_shadow_color:rgba(0%2C0%2C0%2C.35)&#8221; col_shadow_hover=&#8221;box_shadow_enable:disable|shadow_horizontal:0|shadow_vertical:15|shadow_blur:50|shadow_spread:0|box_shadow_color:rgba(0%2C0%2C0%2C.35)&#8221;]<div class=\"dfd-spacer-module\"  data-units=\"px\" data-wide_resolution=\"1280\" data-wide_size=\"90\" data-normal_resolution=\"1024\" data-normal_size=\"90\" data-tablet_resolution=\"800\" data-tablet_size=\"90\" data-mobile_resolution=\"480\" data-mobile_size=\"80\" style=\"height: 90px;\"><\/div>[vc_single_image image=&#8221;1195&#8243; img_size=&#8221;full&#8221; alignment=&#8221;center&#8221;]<div class=\"dfd-spacer-module\"  data-units=\"px\" data-wide_resolution=\"1280\" data-wide_size=\"90\" data-normal_resolution=\"1024\" data-normal_size=\"90\" data-tablet_resolution=\"800\" data-tablet_size=\"90\" data-mobile_resolution=\"480\" data-mobile_size=\"80\" style=\"height: 90px;\"><\/div>[\/vc_column][\/vc_row]<\/p>\n<\/div>","protected":false},"excerpt":{"rendered":"<p>[vc_row dfd_bg_style=&#8221;image&#8221; dfd_bg_image_new=&#8221;1223&#8243; dfd_bg_image_repeat=&#8221;no-repeat&#8221; dfd_image_bg_color=&#8221;#c8e1c0&#8243; dfd_bg_image_position=&#8221;50% 50%&#8221; dfd_enable_overlay=&#8221;&#8221; dfd_row_config=&#8221;full_width_content&#8221; el_class=&#8221;custom-class-multilayer-interiors&#8221;][vc_column][vc_column_text item_animation=&#8221;transition.slideUpBigIn&#8221;] Home \u2014 Private Area [\/vc_column_text][\/vc_column][\/vc_row][vc_row dfd_bg_style=&#8221;image&#8221; dfd_parallax_style=&#8221;dfd_multi_parallax&#8221; dfd_layer_image=&#8221;1169&#8243; dfd_enable_overlay=&#8221;&#8221; dfd_row_responsive_enable=&#8221;dfd-row-responsive-enable&#8221; responsive_styles=&#8221;padding_left_desktop:10|padding_right_desktop:10|padding_left_tablet:10|padding_right_tablet:10&#8243;][vc_column][vc_column_text][\/vc_column_text][\/vc_column][\/vc_row][vc_row css=&#8221;.vc_custom_1686601345026{background-color: #e3eae2 !important;}&#8221;][vc_column css=&#8221;.vc_custom_1686601616885{background-color: #e3eae2 !important;}&#8221; col_shadow=&#8221;box_shadow_enable:disable|shadow_horizontal:0|shadow_vertical:15|shadow_blur:50|shadow_spread:0|box_shadow_color:rgba(0%2C0%2C0%2C.35)&#8221; col_shadow_hover=&#8221;box_shadow_enable:disable|shadow_horizontal:0|shadow_vertical:15|shadow_blur:50|shadow_spread:0|box_shadow_color:rgba(0%2C0%2C0%2C.35)&#8221;][vc_single_image<\/p>\n","protected":false},"author":1,"featured_media":0,"parent":0,"menu_order":0,"comment_status":"closed","ping_status":"closed","template":"page-custom.php","meta":{"_monsterinsights_skip_tracking":false,"_monsterinsights_sitenote_active":false,"_monsterinsights_sitenote_note":"","_monsterinsights_sitenote_category":0,"footnotes":""},"class_list":["post-1869","page","type-page","status-publish","hentry"],"aioseo_notices":[],"_links":{"self":[{"href":"https:\/\/www.onubayas.com\/en\/wp-json\/wp\/v2\/pages\/1869","targetHints":{"allow":["GET"]}}],"collection":[{"href":"https:\/\/www.onubayas.com\/en\/wp-json\/wp\/v2\/pages"}],"about":[{"href":"https:\/\/www.onubayas.com\/en\/wp-json\/wp\/v2\/types\/page"}],"author":[{"embeddable":true,"href":"https:\/\/www.onubayas.com\/en\/wp-json\/wp\/v2\/users\/1"}],"replies":[{"embeddable":true,"href":"https:\/\/www.onubayas.com\/en\/wp-json\/wp\/v2\/comments?post=1869"}],"version-history":[{"count":2,"href":"https:\/\/www.onubayas.com\/en\/wp-json\/wp\/v2\/pages\/1869\/revisions"}],"predecessor-version":[{"id":1871,"href":"https:\/\/www.onubayas.com\/en\/wp-json\/wp\/v2\/pages\/1869\/revisions\/1871"}],"wp:attachment":[{"href":"https:\/\/www.onubayas.com\/en\/wp-json\/wp\/v2\/media?parent=1869"}],"curies":[{"name":"wp","href":"https:\/\/api.w.org\/{rel}","templated":true}]}}